{"id":27,"date":"2015-07-08T08:00:30","date_gmt":"2015-07-08T08:00:30","guid":{"rendered":"http:\/\/farmacies.ecoceutics.com\/?page_id=27"},"modified":"2015-07-22T07:54:19","modified_gmt":"2015-07-22T07:54:19","slug":"serveis","status":"publish","type":"page","link":"https:\/\/farmacies.ecoceutics.com\/?page_id=27","title":{"rendered":"Serveis"},"content":{"rendered":"<section class=\"container\"><div  class=\"row\" ><div class=\"col-md-3\"><img loading=\"lazy\" decoding=\"async\" class=\"alignnone size-full wp-image-139\" src=\"http:\/\/farmacies.ecoceutics.com\/wp-content\/uploads\/2015\/07\/img-serveis-1.jpg\" alt=\"img-serveis-1\" width=\"1024\" height=\"869\" srcset=\"https:\/\/farmacies.ecoceutics.com\/wp-content\/uploads\/2015\/07\/img-serveis-1.jpg 1024w, https:\/\/farmacies.ecoceutics.com\/wp-content\/uploads\/2015\/07\/img-serveis-1-300x255.jpg 300w, https:\/\/farmacies.ecoceutics.com\/wp-content\/uploads\/2015\/07\/img-serveis-1-370x314.jpg 370w, https:\/\/farmacies.ecoceutics.com\/wp-content\/uploads\/2015\/07\/img-serveis-1-360x306.jpg 360w\" sizes=\"auto, (max-width: 1024px) 100vw, 1024px\" \/><img loading=\"lazy\" decoding=\"async\" class=\"alignnone size-full wp-image-140\" src=\"http:\/\/farmacies.ecoceutics.com\/wp-content\/uploads\/2015\/07\/img-serveis-2.jpg\" alt=\"img-serveis-2\" width=\"1024\" height=\"869\" srcset=\"https:\/\/farmacies.ecoceutics.com\/wp-content\/uploads\/2015\/07\/img-serveis-2.jpg 1024w, https:\/\/farmacies.ecoceutics.com\/wp-content\/uploads\/2015\/07\/img-serveis-2-300x255.jpg 300w, https:\/\/farmacies.ecoceutics.com\/wp-content\/uploads\/2015\/07\/img-serveis-2-370x314.jpg 370w, https:\/\/farmacies.ecoceutics.com\/wp-content\/uploads\/2015\/07\/img-serveis-2-360x306.jpg 360w\" sizes=\"auto, (max-width: 1024px) 100vw, 1024px\" \/><img loading=\"lazy\" decoding=\"async\" class=\"alignnone size-full wp-image-141\" src=\"http:\/\/farmacies.ecoceutics.com\/wp-content\/uploads\/2015\/07\/img-serveis-3.jpg\" alt=\"img-serveis-3\" width=\"1024\" height=\"869\" srcset=\"https:\/\/farmacies.ecoceutics.com\/wp-content\/uploads\/2015\/07\/img-serveis-3.jpg 1024w, https:\/\/farmacies.ecoceutics.com\/wp-content\/uploads\/2015\/07\/img-serveis-3-300x255.jpg 300w, https:\/\/farmacies.ecoceutics.com\/wp-content\/uploads\/2015\/07\/img-serveis-3-370x314.jpg 370w, https:\/\/farmacies.ecoceutics.com\/wp-content\/uploads\/2015\/07\/img-serveis-3-360x306.jpg 360w\" sizes=\"auto, (max-width: 1024px) 100vw, 1024px\" \/><\/div><div class=\"col-md-9\">A la nostra farm\u00e0cia pots trobar:\n<ul>\n<li>Assesorament en cosm\u00e8tica, nutrici\u00f3 infantil i ortop\u00e8dia.<\/li>\n<li>Assesoramnet en homeop\u00e0tia, plantes medicinals, aromater\u00e0pia.<\/li>\n<li>Ampli assortiment en productes.<\/li>\n<li>Novetats en productes i promocions.<\/li>\n<\/ul>\n<p>&nbsp;<\/p>\n<p>Els nostres serveis s\u00f3n:<\/p>\n<ul>\n<li>Medicions de pressi\u00f3 arterial, glucosa i col\u00e8sterol.<\/li>\n<li>F\u00f3rmules magistrals.<\/li>\n<li>Homeopatia.<\/li>\n<li>Flors de Bach.<\/li>\n<li>Plantes medicinals.<\/li>\n<li>Cosm\u00e8tica personalitzada.<\/li>\n<li>Nutrici\u00f3 i complements infantils.<\/li>\n<li>Ortop\u00e8dia\/ ortop\u00e8dia esportiva.<\/li>\n<li>Dietes personalizades.<\/li>\n<li>Aromater\u00e0pia.<\/li>\n<li>Consultes.<\/li>\n<li>Atenci\u00f3 al pacient.<\/li>\n<li>Lloguem cadires de rodes, muletes.<\/li>\n<li>Diagnostic de pell.<\/li>\n<li>Diagnostic de cabell.<\/li>\n<\/ul>\n<p><\/p><\/div><\/div><\/section>\n","protected":false},"excerpt":{"rendered":"","protected":false},"author":1,"featured_media":0,"parent":0,"menu_order":0,"comment_status":"open","ping_status":"open","template":"","meta":{"footnotes":""},"class_list":["post-27","page","type-page","status-publish","hentry"],"_links":{"self":[{"href":"https:\/\/farmacies.ecoceutics.com\/index.php?rest_route=\/wp\/v2\/pages\/27","targetHints":{"allow":["GET"]}}],"collection":[{"href":"https:\/\/farmacies.ecoceutics.com\/index.php?rest_route=\/wp\/v2\/pages"}],"about":[{"href":"https:\/\/farmacies.ecoceutics.com\/index.php?rest_route=\/wp\/v2\/types\/page"}],"author":[{"embeddable":true,"href":"https:\/\/farmacies.ecoceutics.com\/index.php?rest_route=\/wp\/v2\/users\/1"}],"replies":[{"embeddable":true,"href":"https:\/\/farmacies.ecoceutics.com\/index.php?rest_route=%2Fwp%2Fv2%2Fcomments&post=27"}],"version-history":[{"count":6,"href":"https:\/\/farmacies.ecoceutics.com\/index.php?rest_route=\/wp\/v2\/pages\/27\/revisions"}],"predecessor-version":[{"id":180,"href":"https:\/\/farmacies.ecoceutics.com\/index.php?rest_route=\/wp\/v2\/pages\/27\/revisions\/180"}],"wp:attachment":[{"href":"https:\/\/farmacies.ecoceutics.com\/index.php?rest_route=%2Fwp%2Fv2%2Fmedia&parent=27"}],"curies":[{"name":"wp","href":"https:\/\/api.w.org\/{rel}","templated":true}]}}