{"id":29,"date":"2015-07-08T08:00:44","date_gmt":"2015-07-08T08:00:44","guid":{"rendered":"http:\/\/farmacies.ecoceutics.com\/?page_id=29"},"modified":"2015-07-09T10:23:49","modified_gmt":"2015-07-09T10:23:49","slug":"targeta-client","status":"publish","type":"page","link":"https:\/\/farmacies.ecoceutics.com\/?page_id=29","title":{"rendered":"Targeta client"},"content":{"rendered":"<section class=\"container\"><div  class=\"row\" ><div class=\"col-md-12\"><h1 class='heading-content  style-1' ><span><strong>Punts descompte<\/strong><\/span><\/h1>El 30% de les teves compres en parafarm\u00e0cia es transformen en punts per aconseguir xecs de compra que podr\u00e0s descomptar a les farm\u00e0cies associades.<br \/>\n<strong>Cada 30 punts rebr\u00e0s un xec de 3 euros.<\/strong><h1 class='heading-content  style-1' ><span><strong>Xecs de compra<\/strong><\/span><\/h1>Peri\u00f2dicament <strong>rebr\u00e0s un xec per descomptar de les compres que facis a la farm\u00e0cia<\/strong>. EI valor del xec estar\u00e0 en funci\u00f3 de les compres de parafarm\u00e0cia que hagis realitzat en aquest per\u00edode.<h1 class='heading-content  style-1' ><span><strong>Cuidem de les nostres mares<\/strong><\/span><\/h1>Les noves mares gaudiran de <strong>l&#8217;agenda de l&#8217;embar\u00e0s<\/strong>, nom\u00e9s hauran de demanar-la a la seva Farm\u00e0cia Ecoceutics.<br \/>\nM\u00e9s avantatges i descomptes addicionals durant el primer any (0-12 mesos) del teu nad\u00f3.<h1 class='heading-content  style-1' ><span><strong>Revista Ecovital<\/strong><\/span><\/h1><strong>Revista sobre salut<\/strong>, consells farmac\u00e8utics, dietes i altres temes saludables del teu inter\u00e8s. La podr\u00e0s obtenir a la teva farm\u00e0cia.<h1 class='heading-content  style-1' ><span><strong>Regals<\/strong><\/span><\/h1>I a m\u00e9s <strong>rep informaci\u00f3<\/strong> sobre promocions, ofertes, novetats de la teva farm\u00e0cia Ecoceutics i participa en sorteigs i concursos.<\/div><\/div><\/section>\n","protected":false},"excerpt":{"rendered":"","protected":false},"author":1,"featured_media":0,"parent":0,"menu_order":0,"comment_status":"open","ping_status":"open","template":"","meta":{"footnotes":""},"class_list":["post-29","page","type-page","status-publish","hentry"],"_links":{"self":[{"href":"https:\/\/farmacies.ecoceutics.com\/index.php?rest_route=\/wp\/v2\/pages\/29","targetHints":{"allow":["GET"]}}],"collection":[{"href":"https:\/\/farmacies.ecoceutics.com\/index.php?rest_route=\/wp\/v2\/pages"}],"about":[{"href":"https:\/\/farmacies.ecoceutics.com\/index.php?rest_route=\/wp\/v2\/types\/page"}],"author":[{"embeddable":true,"href":"https:\/\/farmacies.ecoceutics.com\/index.php?rest_route=\/wp\/v2\/users\/1"}],"replies":[{"embeddable":true,"href":"https:\/\/farmacies.ecoceutics.com\/index.php?rest_route=%2Fwp%2Fv2%2Fcomments&post=29"}],"version-history":[{"count":4,"href":"https:\/\/farmacies.ecoceutics.com\/index.php?rest_route=\/wp\/v2\/pages\/29\/revisions"}],"predecessor-version":[{"id":80,"href":"https:\/\/farmacies.ecoceutics.com\/index.php?rest_route=\/wp\/v2\/pages\/29\/revisions\/80"}],"wp:attachment":[{"href":"https:\/\/farmacies.ecoceutics.com\/index.php?rest_route=%2Fwp%2Fv2%2Fmedia&parent=29"}],"curies":[{"name":"wp","href":"https:\/\/api.w.org\/{rel}","templated":true}]}}