{"id":35,"date":"2015-07-08T08:01:32","date_gmt":"2015-07-08T08:01:32","guid":{"rendered":"http:\/\/farmacies.ecoceutics.com\/?page_id=35"},"modified":"2015-07-09T10:22:46","modified_gmt":"2015-07-09T10:22:46","slug":"contactar","status":"publish","type":"page","link":"https:\/\/farmacies.ecoceutics.com\/?page_id=35","title":{"rendered":"Contactar"},"content":{"rendered":"<section class=\"container\"><div  class=\"row\" ><div class=\"col-md-3\"><script>\n            jQuery(document).ready(function( $ ) {\n                    $('#map1').gmap3({\n                        map:{\n                            options:{\n                                zoom: 16,\n                                draggable: true,\n                                scrollwheel: true\n                            }\n                        },\n                        marker:{\n                          values:[\n                            {address: 'Avinguda Mol\u00ed, 37 08840 Viladecans (Barcelona)', data:'Farm\u00e0cia Francesc Vil\u00e0 Badia<br \/>Avinguda Mol\u00ed, 37<br \/>08840 Viladecans<br \/>(Barcelona)', options:{icon:'https:\/\/farmacies.ecoceutics.com\/wp-content\/uploads\/2015\/07\/icon-mapa.png'}},\n                          ],\n                          options:{\n                            draggable: false\n                          },\n                          events: {\n                            mouseover: function(marker, event, context){\n                                var map = $(this).gmap3('get'),\n                                infowindow = $(this).gmap3({get:{name:'infowindow'}});\n                                if (infowindow){\n                                  infowindow.open(map, marker);\n                                  infowindow.setContent(context.data);\n                                } else {\n                                  $(this).gmap3({\n                                    infowindow:{\n                                      anchor:marker,\n                                      options:{content: context.data}\n                                    }\n                                  });\n                                }\n                              },\n                            mouseout: function(){\n                                var infowindow = $(this).gmap3({get:{name:'infowindow'}});\n                                if (infowindow){\n                                  infowindow.close();\n                                }\n                              }\n                          }\n                        },\n                        getlatlng:{\n                            address: 'Avinguda Mol\u00ed, 37 08840 Viladecans (Barcelona)',\n                            callback: function(results){\n                                if(!results) return;\n                                $(this).gmap3({\n                                    map:{\n                                        options: {\n                                            center: [results[0].geometry.location.lat(), results[0].geometry.location.lng()]\n                                        }\n                                    }\n                                });\n                            }\n                        }\n                    });\n                });\n            <\/script>\n            <div class='map' id='map1'><\/div><\/div><div class=\"col-md-9\"><h1 class='heading-content  style-1' ><span><strong>Farm\u00e0cia Francesc Vil\u00e0 Badia<\/strong><\/span><\/h1>\n<p>Avinguda Mol\u00ed,37<br \/>\n08840 Viladecans (Barcelona)<br \/>\nTel\u00e8fon +34 93 37 69 00<br \/>\n<a href=\"mailto:farmaciavilabadia@ecoceutics.com\">farmaciavilabadia@ecoceutics.com<\/a><\/p>[vc_empty_space height=\u00bb20px\u00bb]<h1 class='heading-content  style-1' ><span><strong>Horari<\/strong><\/span><\/h1>\n<p><strong>Dilluns a divendres<\/strong><br \/>\n9:00 a 13:30 h i 16:30 a 20:00 h<\/p>\n<p><strong>Dissabtes<\/strong><br \/>\n9:30 a 13:30 h<br \/>\n(a partir del 9 de Maig)<\/p>[vc_empty_space height=\u00bb20px\u00bb]Contacti amb nosaltres per a qualsevol <strong>dubte<\/strong> o <strong>sugger\u00e8ncia<\/strong>:[vc_empty_space height=\u00bb10px\u00bb]\n<div class=\"wpcf7 no-js\" id=\"wpcf7-f103-o1\" lang=\"ca\" dir=\"ltr\" data-wpcf7-id=\"103\">\n<div class=\"screen-reader-response\"><p role=\"status\" aria-live=\"polite\" aria-atomic=\"true\"><\/p> <ul><\/ul><\/div>\n<form action=\"\/index.php?rest_route=%2Fwp%2Fv2%2Fpages%2F35#wpcf7-f103-o1\" method=\"post\" class=\"wpcf7-form init\" aria-label=\"Formulari de contacte\" novalidate=\"novalidate\" data-status=\"init\">\n<fieldset class=\"hidden-fields-container\"><input type=\"hidden\" name=\"_wpcf7\" value=\"103\" \/><input type=\"hidden\" name=\"_wpcf7_version\" value=\"6.1.5\" \/><input type=\"hidden\" name=\"_wpcf7_locale\" value=\"ca\" \/><input type=\"hidden\" name=\"_wpcf7_unit_tag\" value=\"wpcf7-f103-o1\" \/><input type=\"hidden\" name=\"_wpcf7_container_post\" value=\"0\" \/><input type=\"hidden\" name=\"_wpcf7_posted_data_hash\" value=\"\" \/>\n<\/fieldset>\n<div class=\"columna1\">\n\t<p>Nom i Cognoms <span class=\"asterisc\">*<\/span>\n\t<\/p>\n\t<p><span class=\"wpcf7-form-control-wrap\" data-name=\"nomicognoms\"><input size=\"40\" maxlength=\"400\" class=\"wpcf7-form-control wpcf7-text wpcf7-validates-as-required\" aria-required=\"true\" aria-invalid=\"false\" value=\"\" type=\"text\" name=\"nomicognoms\" \/><\/span>\n\t<\/p>\n<\/div>\n<div class=\"columna2\">\n\t<p>Adre\u00e7a electr\u00f2nica <span class=\"asterisc\">*<\/span>\n\t<\/p>\n\t<p><span class=\"wpcf7-form-control-wrap\" data-name=\"email\"><input size=\"40\" maxlength=\"400\" class=\"wpcf7-form-control wpcf7-email wpcf7-validates-as-required wpcf7-text wpcf7-validates-as-email\" aria-required=\"true\" aria-invalid=\"false\" value=\"\" type=\"email\" name=\"email\" \/><\/span>\n\t<\/p>\n<\/div>\n<div class=\"columna\">\n\t<p>Comentari <span class=\"asterisc\">*<\/span>\n\t<\/p>\n\t<p><span class=\"wpcf7-form-control-wrap\" data-name=\"comentari\"><textarea cols=\"40\" rows=\"10\" maxlength=\"2000\" class=\"wpcf7-form-control wpcf7-textarea wpcf7-validates-as-required\" aria-required=\"true\" aria-invalid=\"false\" placeholder=\"Escrigui aqu\u00ed...\" name=\"comentari\"><\/textarea><\/span>\n\t<\/p>\n<\/div>\n<div class=\"espai\">\n<\/div>\n<div class=\"avislegal\">\n\t<p><strong>Av\u00eds legal.-<\/strong> En virtut del disposat en la Llei 15\/1999, de 13 de desembre, de Protecci\u00f3 de Dades de Car\u00e0cter Personal, li informem que mitjan\u00e7ant l'emplenament i tramesa del present formulari totes les dades personals facilitades seran tractades per la farm\u00e0cia Vil\u00e0, propiet\u00e0ria d'aquest web, amb l'\u00fanica finalitat de prestar el servei sol\u00b7licitat.\n\t<\/p>\n<\/div>\n<div class=\"espai\">\n<\/div>\n<p><span class=\"wpcf7-form-control-wrap\" data-name=\"avislegal\"><span class=\"wpcf7-form-control wpcf7-acceptance\"><span class=\"wpcf7-list-item\"><input type=\"checkbox\" name=\"avislegal\" value=\"1\" aria-invalid=\"false\" \/><\/span><\/span><\/span> He llegit i accepto l'Av\u00eds legal.\n<\/p>\n<div class=\"espai\">\n<\/div>\n<div class=\"espai\">\n<\/div>\n<p><span class=\"asterisc\"><em>* Camps obligatoris.<\/em><\/span>\n<\/p>\n<div class=\"espai\">\n<\/div>\n<p><input class=\"wpcf7-form-control wpcf7-submit has-spinner\" type=\"submit\" value=\"Enviar\" \/>\n<\/p><div class=\"wpcf7-response-output\" aria-hidden=\"true\"><\/div>\n<\/form>\n<\/div>\n<\/div><\/div><\/section>\n","protected":false},"excerpt":{"rendered":"","protected":false},"author":1,"featured_media":0,"parent":0,"menu_order":0,"comment_status":"open","ping_status":"open","template":"","meta":{"footnotes":""},"class_list":["post-35","page","type-page","status-publish","hentry"],"_links":{"self":[{"href":"https:\/\/farmacies.ecoceutics.com\/index.php?rest_route=\/wp\/v2\/pages\/35","targetHints":{"allow":["GET"]}}],"collection":[{"href":"https:\/\/farmacies.ecoceutics.com\/index.php?rest_route=\/wp\/v2\/pages"}],"about":[{"href":"https:\/\/farmacies.ecoceutics.com\/index.php?rest_route=\/wp\/v2\/types\/page"}],"author":[{"embeddable":true,"href":"https:\/\/farmacies.ecoceutics.com\/index.php?rest_route=\/wp\/v2\/users\/1"}],"replies":[{"embeddable":true,"href":"https:\/\/farmacies.ecoceutics.com\/index.php?rest_route=%2Fwp%2Fv2%2Fcomments&post=35"}],"version-history":[{"count":11,"href":"https:\/\/farmacies.ecoceutics.com\/index.php?rest_route=\/wp\/v2\/pages\/35\/revisions"}],"predecessor-version":[{"id":106,"href":"https:\/\/farmacies.ecoceutics.com\/index.php?rest_route=\/wp\/v2\/pages\/35\/revisions\/106"}],"wp:attachment":[{"href":"https:\/\/farmacies.ecoceutics.com\/index.php?rest_route=%2Fwp%2Fv2%2Fmedia&parent=35"}],"curies":[{"name":"wp","href":"https:\/\/api.w.org\/{rel}","templated":true}]}}