{"id":5,"date":"2015-07-07T13:39:09","date_gmt":"2015-07-07T13:39:09","guid":{"rendered":"http:\/\/farmacies.ecoceutics.com\/?page_id=5"},"modified":"2015-09-29T08:53:25","modified_gmt":"2015-09-29T08:53:25","slug":"home","status":"publish","type":"page","link":"https:\/\/farmacies.ecoceutics.com\/","title":{"rendered":"Home"},"content":{"rendered":"<p><section class=\"container\"><div  class=\"row vc_custom_1436281408427\" style=\"margin-top: -60px !important;margin-bottom: 0px !important;\"><div class=\"col-md-12\">[rev_slider id='slider-ecoceutics-farmacies']<\/div><\/div><\/section><section id= \"banners\" class=\"\" ><div class=\"container no-margin\"><div class=\"row\"><div class=\"col-md-4\"><a href=\"http:\/\/farmacies.ecoceutics.com\/contactar\/\"><img loading=\"lazy\" decoding=\"async\" class=\"alignnone wp-image-9 size-full\" src=\"http:\/\/farmacies.ecoceutics.com\/wp-content\/uploads\/2015\/07\/banner-on-estem.jpg\" alt=\"banner-on-estem\" width=\"720\" height=\"536\" srcset=\"https:\/\/farmacies.ecoceutics.com\/wp-content\/uploads\/2015\/07\/banner-on-estem.jpg 720w, https:\/\/farmacies.ecoceutics.com\/wp-content\/uploads\/2015\/07\/banner-on-estem-300x223.jpg 300w, https:\/\/farmacies.ecoceutics.com\/wp-content\/uploads\/2015\/07\/banner-on-estem-370x275.jpg 370w, https:\/\/farmacies.ecoceutics.com\/wp-content\/uploads\/2015\/07\/banner-on-estem-360x267.jpg 360w\" sizes=\"auto, (max-width: 720px) 100vw, 720px\" \/><\/a><a href=\"http:\/\/farmacies.ecoceutics.com\/activitats\/\"><img loading=\"lazy\" decoding=\"async\" class=\"alignnone wp-image-10 size-full\" src=\"http:\/\/farmacies.ecoceutics.com\/wp-content\/uploads\/2015\/07\/banner-apuntat.jpg\" alt=\"banner-apuntat\" width=\"720\" height=\"536\" \/><\/a><\/div><div class=\"col-md-4\"><a href=\"http:\/\/farmacies.ecoceutics.com\/encarrecs-24-hores\/\"><img loading=\"lazy\" decoding=\"async\" class=\"alignnone wp-image-11 size-full\" src=\"http:\/\/farmacies.ecoceutics.com\/wp-content\/uploads\/2015\/07\/banner-encarrecs.jpg\" alt=\"banner-encarrecs\" width=\"720\" height=\"536\" srcset=\"https:\/\/farmacies.ecoceutics.com\/wp-content\/uploads\/2015\/07\/banner-encarrecs.jpg 720w, https:\/\/farmacies.ecoceutics.com\/wp-content\/uploads\/2015\/07\/banner-encarrecs-300x223.jpg 300w, https:\/\/farmacies.ecoceutics.com\/wp-content\/uploads\/2015\/07\/banner-encarrecs-370x275.jpg 370w, https:\/\/farmacies.ecoceutics.com\/wp-content\/uploads\/2015\/07\/banner-encarrecs-360x267.jpg 360w\" sizes=\"auto, (max-width: 720px) 100vw, 720px\" \/><\/a><a href=\"http:\/\/fidfarma.ecoceutics.com\/club\/\" target=\"_blank\"><img loading=\"lazy\" decoding=\"async\" class=\"alignnone wp-image-12 size-full\" src=\"http:\/\/farmacies.ecoceutics.com\/wp-content\/uploads\/2015\/07\/banner-club-ecoceutics.jpg\" alt=\"banner-club-ecoceutics\" width=\"720\" height=\"536\" srcset=\"https:\/\/farmacies.ecoceutics.com\/wp-content\/uploads\/2015\/07\/banner-club-ecoceutics.jpg 720w, https:\/\/farmacies.ecoceutics.com\/wp-content\/uploads\/2015\/07\/banner-club-ecoceutics-300x223.jpg 300w, https:\/\/farmacies.ecoceutics.com\/wp-content\/uploads\/2015\/07\/banner-club-ecoceutics-370x275.jpg 370w, https:\/\/farmacies.ecoceutics.com\/wp-content\/uploads\/2015\/07\/banner-club-ecoceutics-360x267.jpg 360w\" sizes=\"auto, (max-width: 720px) 100vw, 720px\" \/><\/a><\/div><div class=\"col-md-4\"><a href=\"http:\/\/farmacies.ecoceutics.com\/ofertes\/\"><img loading=\"lazy\" decoding=\"async\" class=\"alignnone wp-image-13 size-full\" src=\"http:\/\/farmacies.ecoceutics.com\/wp-content\/uploads\/2015\/07\/banner-ofertes.jpg\" alt=\"banner-ofertes\" width=\"720\" height=\"536\" \/><\/a><a href=\"http:\/\/farmacies.ecoceutics.com\/farmacies-de-guardia\/\"><img loading=\"lazy\" decoding=\"async\" class=\"alignnone wp-image-14 size-full\" src=\"http:\/\/farmacies.ecoceutics.com\/wp-content\/uploads\/2015\/07\/banner-farmacies-de-guardia.jpg\" alt=\"banner-farmacies-de-guardia\" width=\"720\" height=\"536\" srcset=\"https:\/\/farmacies.ecoceutics.com\/wp-content\/uploads\/2015\/07\/banner-farmacies-de-guardia.jpg 720w, https:\/\/farmacies.ecoceutics.com\/wp-content\/uploads\/2015\/07\/banner-farmacies-de-guardia-300x223.jpg 300w, https:\/\/farmacies.ecoceutics.com\/wp-content\/uploads\/2015\/07\/banner-farmacies-de-guardia-370x275.jpg 370w, https:\/\/farmacies.ecoceutics.com\/wp-content\/uploads\/2015\/07\/banner-farmacies-de-guardia-360x267.jpg 360w\" sizes=\"auto, (max-width: 720px) 100vw, 720px\" \/><\/a><\/div><\/div><\/div><\/section><section class=\"container\"><div  class=\"row vc_custom_1436349171857\" style=\"margin-top: 40px !important;margin-bottom: 40px !important;\"><div class=\"col-md-6\"><h1 class='heading-content  style-1' ><span><strong>CONTACTA AMB NOSALTRES<\/strong><\/span><\/h1><h2 class='heading-content  style-1' ><span>Farm\u00e0cia Francesc Vil\u00e0 Badia<\/span><\/h2>\n<p>Avinguda Mol\u00ed, 37 \u00b7 08840 Viladecans (Barcelona)<\/p>\n<p>Tel\u00e8fon +34 936 37 69 00<img loading=\"lazy\" decoding=\"async\" class=\"icon-formulari alignright wp-image-71 size-full\" src=\"http:\/\/farmacies.ecoceutics.com\/wp-content\/uploads\/2015\/07\/icon-formulari.png\" alt=\"icon-formulari\" width=\"247\" height=\"215\" \/><\/p>\n<p><a href=\"mailto:farmaciavilabadia@ecoceutics.com\">farmaciavilabadia@ecoceutics.com<\/a><\/p>\n<p>&nbsp;<\/p>\n<h2 class='heading-content  style-1' ><span>Horari<\/span><\/h2>\n<p><strong>Dilluns a divendres<\/strong><br \/>\n9:00 a 13:30 h i 16:30 a 20:00 h<\/p>\n<p><strong>Dissabtes<\/strong><br \/>\n9:30 a 13:30 h<br \/>\n(a partir del 9 de Maig)<\/p><\/div><div class=\"col-md-6\">\n<div class=\"wpcf7 no-js\" id=\"wpcf7-f4-o1\" lang=\"ca\" dir=\"ltr\" data-wpcf7-id=\"4\">\n<div class=\"screen-reader-response\"><p role=\"status\" aria-live=\"polite\" aria-atomic=\"true\"><\/p> <ul><\/ul><\/div>\n<form action=\"\/index.php?rest_route=%2Fwp%2Fv2%2Fpages%2F5#wpcf7-f4-o1\" method=\"post\" class=\"wpcf7-form init\" aria-label=\"Formulari de contacte\" novalidate=\"novalidate\" data-status=\"init\">\n<fieldset class=\"hidden-fields-container\"><input type=\"hidden\" name=\"_wpcf7\" value=\"4\" \/><input type=\"hidden\" name=\"_wpcf7_version\" value=\"6.1.5\" \/><input type=\"hidden\" name=\"_wpcf7_locale\" value=\"ca\" \/><input type=\"hidden\" name=\"_wpcf7_unit_tag\" value=\"wpcf7-f4-o1\" \/><input type=\"hidden\" name=\"_wpcf7_container_post\" value=\"0\" \/><input type=\"hidden\" name=\"_wpcf7_posted_data_hash\" value=\"\" \/>\n<\/fieldset>\n<div class=\"columna1\">\n\t<p><span class=\"wpcf7-form-control-wrap\" data-name=\"nomicognoms\"><input size=\"40\" maxlength=\"400\" class=\"wpcf7-form-control wpcf7-text wpcf7-validates-as-required\" aria-required=\"true\" aria-invalid=\"false\" placeholder=\"Nom i Cognoms *\" value=\"\" type=\"text\" name=\"nomicognoms\" \/><\/span>\n\t<\/p>\n<\/div>\n<div class=\"columna2\">\n\t<p><span class=\"wpcf7-form-control-wrap\" data-name=\"email\"><input size=\"40\" maxlength=\"400\" class=\"wpcf7-form-control wpcf7-text wpcf7-validates-as-required\" aria-required=\"true\" aria-invalid=\"false\" placeholder=\"Adre\u00e7a electr\u00f2nica *\" value=\"\" type=\"text\" name=\"email\" \/><\/span>\n\t<\/p>\n<\/div>\n<div class=\"columna\">\n\t<p><span class=\"wpcf7-form-control-wrap\" data-name=\"comentari\"><textarea cols=\"40\" rows=\"10\" maxlength=\"2000\" class=\"wpcf7-form-control wpcf7-textarea wpcf7-validates-as-required\" aria-required=\"true\" aria-invalid=\"false\" placeholder=\"Comentari *\" name=\"comentari\"><\/textarea><\/span>\n\t<\/p>\n<\/div>\n<div class=\"espai\">\n<\/div>\n<div class=\"avislegal\">\n\t<p><strong>Av\u00eds legal.-<\/strong> En virtut del disposat en la Llei 15\/1999, de 13 de desembre, de Protecci\u00f3 de Dades de Car\u00e0cter Personal, li informem que mitjan\u00e7ant l'emplenament i tramesa del present formulari totes les dades personals facilitades seran tractades per la farm\u00e0cia Vil\u00e0, propiet\u00e0ria d'aquest web, amb l'\u00fanica finalitat de prestar el servei sol\u00b7licitat.\n\t<\/p>\n<\/div>\n<div class=\"espai\">\n<\/div>\n<p><span class=\"wpcf7-form-control-wrap\" data-name=\"avislegal\"><span class=\"wpcf7-form-control wpcf7-acceptance\"><span class=\"wpcf7-list-item\"><input type=\"checkbox\" name=\"avislegal\" value=\"1\" aria-invalid=\"false\" \/><\/span><\/span><\/span> He llegit i accepto l'Av\u00eds legal.\n<\/p>\n<div class=\"espai\">\n<\/div>\n<div class=\"espai\">\n<\/div>\n<p><span class=\"asterisc\"><em>* Camps obligatoris.<\/em><\/span>\n<\/p>\n<div class=\"espai\">\n<\/div>\n<p><input class=\"wpcf7-form-control wpcf7-submit has-spinner bt-enviar-formhome\" type=\"submit\" value=\"Enviar\" \/>\n<\/p><div class=\"wpcf7-response-output\" aria-hidden=\"true\"><\/div>\n<\/form>\n<\/div>\n<\/div><\/div><\/section><section  class=\"row no-margin\" ><script>\n            jQuery(document).ready(function( $ ) {\n                    $('#map1').gmap3({\n                        map:{\n                            options:{\n                                zoom: 16,\n                                draggable: true,\n                                scrollwheel: true\n                            }\n                        },\n                        marker:{\n                          values:[\n                            {address: 'Av. Mol\u00ed, 37 08840 Viladecans (Barcelona)', data:'Farm\u00e0cia Francesc Vil\u00e0 Badia<br \/>Avinguda Mol\u00ed, 37<br \/>08840 Viladecans<br \/>(Barcelona)', options:{icon:'https:\/\/farmacies.ecoceutics.com\/wp-content\/uploads\/2015\/07\/icon-mapa.png'}},\n                          ],\n                          options:{\n                            draggable: false\n                          },\n                          events: {\n                            mouseover: function(marker, event, context){\n                                var map = $(this).gmap3('get'),\n                                infowindow = $(this).gmap3({get:{name:'infowindow'}});\n                                if (infowindow){\n                                  infowindow.open(map, marker);\n                                  infowindow.setContent(context.data);\n                                } else {\n                                  $(this).gmap3({\n                                    infowindow:{\n                                      anchor:marker,\n                                      options:{content: context.data}\n                                    }\n                                  });\n                                }\n                              },\n                            mouseout: function(){\n                                var infowindow = $(this).gmap3({get:{name:'infowindow'}});\n                                if (infowindow){\n                                  infowindow.close();\n                                }\n                              }\n                          }\n                        },\n                        getlatlng:{\n                            address: 'Av. Mol\u00ed, 37 08840 Viladecans (Barcelona)',\n                            callback: function(results){\n                                if(!results) return;\n                                $(this).gmap3({\n                                    map:{\n                                        options: {\n                                            center: [results[0].geometry.location.lat(), results[0].geometry.location.lng()]\n                                        }\n                                    }\n                                });\n                            }\n                        }\n                    });\n                });\n            <\/script>\n            <div class='map' id='map1'><\/div><\/section><\/p>\n","protected":false},"excerpt":{"rendered":"","protected":false},"author":1,"featured_media":0,"parent":0,"menu_order":0,"comment_status":"open","ping_status":"open","template":"","meta":{"footnotes":""},"class_list":["post-5","page","type-page","status-publish","hentry"],"_links":{"self":[{"href":"https:\/\/farmacies.ecoceutics.com\/index.php?rest_route=\/wp\/v2\/pages\/5","targetHints":{"allow":["GET"]}}],"collection":[{"href":"https:\/\/farmacies.ecoceutics.com\/index.php?rest_route=\/wp\/v2\/pages"}],"about":[{"href":"https:\/\/farmacies.ecoceutics.com\/index.php?rest_route=\/wp\/v2\/types\/page"}],"author":[{"embeddable":true,"href":"https:\/\/farmacies.ecoceutics.com\/index.php?rest_route=\/wp\/v2\/users\/1"}],"replies":[{"embeddable":true,"href":"https:\/\/farmacies.ecoceutics.com\/index.php?rest_route=%2Fwp%2Fv2%2Fcomments&post=5"}],"version-history":[{"count":23,"href":"https:\/\/farmacies.ecoceutics.com\/index.php?rest_route=\/wp\/v2\/pages\/5\/revisions"}],"predecessor-version":[{"id":187,"href":"https:\/\/farmacies.ecoceutics.com\/index.php?rest_route=\/wp\/v2\/pages\/5\/revisions\/187"}],"wp:attachment":[{"href":"https:\/\/farmacies.ecoceutics.com\/index.php?rest_route=%2Fwp%2Fv2%2Fmedia&parent=5"}],"curies":[{"name":"wp","href":"https:\/\/api.w.org\/{rel}","templated":true}]}}